{"id":885,"date":"2023-05-31T15:29:24","date_gmt":"2023-05-31T15:29:24","guid":{"rendered":"http:\/\/apartamentosamores.es\/politica-de-cookies\/"},"modified":"2023-05-31T15:52:55","modified_gmt":"2023-05-31T15:52:55","slug":"politica-de-cookies","status":"publish","type":"page","link":"https:\/\/apartamentosamores.es\/de\/politica-de-cookies\/","title":{"rendered":"COOKIE-RICHTLINIE"},"content":{"rendered":"\n<p>Ein Cookie ist eine Datei, die auf Ihren Computer heruntergeladen wird, wenn Sie auf bestimmte Webseiten zugreifen. Cookies erm\u00f6glichen es einer Webseite unter anderem, Informationen \u00fcber die Surfgewohnheiten eines Benutzers oder seines Ger\u00e4ts zu speichern und abzurufen, und je nach den darin enthaltenen Informationen und der Art und Weise, wie er sein Ger\u00e4t verwendet, k\u00f6nnen sie verwendet werden, um den Benutzer zu erkennen.\u00a0<\/p>\n\n\n\n<h2 class=\"wp-block-heading\">Welche Arten von Cookies verwendet diese Website?<\/h2>\n\n\n\n<p>Diese Website verwendet die folgenden Arten von Cookies:&nbsp;<\/p>\n\n\n\n<p><strong>Analyse-Cookies:<\/strong> Dies sind diejenigen, die von uns oder von Dritten gut behandelt werden, die es uns erm\u00f6glichen, die Anzahl der Benutzer zu quantifizieren und so die Messung und statistische Analyse der Nutzung des angebotenen Dienstes durch die Benutzer durchzuf\u00fchren. Zu diesem Zweck wird Ihr Surfverhalten auf unserer Website analysiert, um das Angebot der von uns angebotenen Produkte oder Dienstleistungen zu verbessern.<\/p>\n\n\n\n<p><strong>Technische Cookies: <\/strong>Dies sind diejenigen, die es dem Benutzer erm\u00f6glichen, durch den gesch\u00fctzten Bereich zu navigieren und seine verschiedenen Funktionen zu nutzen, wie z. B. die Durchf\u00fchrung des Kaufvorgangs eines Artikels.<\/p>\n\n\n\n<p><strong>Personalisierungs-Cookies:<\/strong> Dies sind diejenigen, die es dem Benutzer erm\u00f6glichen, auf den Dienst mit einigen vordefinierten allgemeinen Merkmalen zuzugreifen, die auf einer Reihe von Kriterien im Endger\u00e4t des Benutzers basieren, wie z. B. der Sprache oder dem Browsertyp, \u00fcber den Sie sich mit dem Dienst verbinden.<\/p>\n\n\n\n<p><strong>Werbe-Cookies:<\/strong> Dies sind diejenigen, die von dieser Website oder von Dritten gut behandelt werden und es erm\u00f6glichen, das Angebot der Werbefl\u00e4chen auf der Website so effizient wie m\u00f6glich zu verwalten und den Inhalt der Werbung an den Inhalt des angeforderten Dienstes oder an die Nutzung unserer Website anzupassen. Zu diesem Zweck k\u00f6nnen wir Ihre Surfgewohnheiten im Internet analysieren und Ihnen Werbung zeigen, die sich auf Ihr Surfprofil bezieht.<\/p>\n\n\n\n<p><strong>Cookies f\u00fcr verhaltensbasierte Werbung:<\/strong> Dies sind Cookies, die eine m\u00f6glichst effiziente Verwaltung der Werbefl\u00e4chen erm\u00f6glichen, die der Herausgeber gegebenenfalls in eine Webseite, Anwendung oder Plattform aufgenommen hat, von der aus er den angeforderten Dienst bereitstellt. Diese Art von Cookies speichert Informationen \u00fcber das Verhalten der Besucher, die durch die kontinuierliche Beobachtung ihrer Surfgewohnheiten gewonnen werden, was es erm\u00f6glicht, ein spezifisches Profil zu entwickeln, um darauf basierende Werbung anzuzeigen.<\/p>\n\n\n\n<h2 class=\"wp-block-heading\">Deaktivieren Sie Cookies.<\/h2>\n\n\n\n<p>Sie k\u00f6nnen die auf Ihrem Computer installierten Cookies zulassen, blockieren oder l\u00f6schen, indem Sie die auf Ihrem Computer installierten Browseroptionen konfigurieren.<\/p>\n\n\n\n<p>Die meisten Webbrowser bieten die M\u00f6glichkeit, auf Ihrem Computer installierte Cookies zuzulassen, zu blockieren oder zu l\u00f6schen.<\/p>\n\n\n\n<p>Nachfolgend k\u00f6nnen Sie auf die Konfiguration der h\u00e4ufigsten Webbrowser zugreifen, um Cookies zu akzeptieren, zu installieren oder zu deaktivieren:<\/p>\n\n\n\n<p><a href=\"https:\/\/support.google.com\/chrome\/answer\/95647?hl=de\">Cookies in Google Chrome setzen<\/a><\/p>\n\n\n\n<p><a href=\"https:\/\/support.microsoft.com\/de-de\/windows\">Setzen von Cookies im Microsoft Internet Explorer<\/a><\/p>\n\n\n\n<p><a href=\"https:\/\/support.mozilla.org\/de\/kb\/Cookies-blockieren\">Setzen von Cookies in Mozilla Firefox<\/a><\/p>\n\n\n\n<p><a href=\"https:\/\/support.apple.com\/de-de\/HT201265\">Cookies in Safari setzen (Apple)<\/a><\/p>\n\n\n\n<h2 class=\"wp-block-heading\">Cookies von Drittanbietern.<\/h2>\n\n\n\n<p>Diese Website verwendet Dienste von Drittanbietern, um Informationen f\u00fcr statistische Zwecke und die Webnutzung zu sammeln. DoubleClick-Cookies werden verwendet, um die Werbung auf der Website zu verbessern. Sie werden verwendet, um Werbung auf den Inhalt auszurichten, der f\u00fcr einen Benutzer relevant ist, und so die Qualit\u00e4t des Erlebnisses bei der Nutzung zu verbessern.<\/p>\n\n\n\n<p>Insbesondere nutzen wir f\u00fcr unsere Statistiken und Werbung die Dienste von Google Adsense und Google Analytics. Einige Cookies sind f\u00fcr den Betrieb der Website unerl\u00e4sslich, z. B. der eingebaute Browser.\u00a0<\/p>\n\n\n\n<p>Unsere Website enth\u00e4lt weitere Funktionen, die von Dritten bereitgestellt werden. Sie k\u00f6nnen die Inhalte ganz einfach in sozialen Netzwerken wie Facebook, Twitter oder Google+ teilen, mit den Schaltfl\u00e4chen, die wir zu diesem Zweck eingef\u00fcgt haben.\u00a0<\/p>\n\n\n\n<h2 class=\"wp-block-heading\">Warnung vor dem L\u00f6schen von Cookies.<\/h2>\n\n\n\n<p>Sie k\u00f6nnen alle Cookies von dieser Website l\u00f6schen und blockieren, aber ein Teil der Website funktioniert nicht oder die Qualit\u00e4t der Webseite kann beeintr\u00e4chtigt werden.<\/p>\n\n\n\n<p>Wenn Sie Fragen zu unserer Cookie-Richtlinie haben, k\u00f6nnen Sie diese Website \u00fcber unsere Kontaktkan\u00e4le kontaktieren.<\/p>\n","protected":false},"excerpt":{"rendered":"<p>Ein Cookie ist eine Datei, die auf Ihren Computer heruntergeladen wird, wenn Sie auf bestimmte Webseiten zugreifen. Cookies erm\u00f6glichen es einer Webseite unter anderem, Informationen \u00fcber die Surfgewohnheiten eines Benutzers oder seines Ger\u00e4ts zu speichern und abzurufen, und je nach den darin enthaltenen Informationen und der Art und Weise, wie er sein Ger\u00e4t verwendet, k\u00f6nnen [&hellip;]<\/p>\n","protected":false},"author":2,"featured_media":0,"parent":0,"menu_order":0,"comment_status":"closed","ping_status":"closed","template":"","meta":{"_et_pb_use_builder":"off","_et_pb_old_content":"","_et_gb_content_width":"","footnotes":""},"class_list":["post-885","page","type-page","status-publish","hentry"],"yoast_head":"<!-- This site is optimized with the Yoast SEO plugin v20.12 - https:\/\/yoast.com\/wordpress\/plugins\/seo\/ -->\n<title>COOKIE-RICHTLINIE - Apartamentos San Telmo<\/title>\n<meta name=\"robots\" content=\"index, follow, max-snippet:-1, max-image-preview:large, max-video-preview:-1\" \/>\n<link rel=\"canonical\" href=\"https:\/\/apartamentosamores.es\/politica-de-cookies\/\" \/>\n<meta property=\"og:locale\" content=\"de_DE\" \/>\n<meta property=\"og:type\" content=\"article\" \/>\n<meta property=\"og:title\" content=\"COOKIE-RICHTLINIE - Apartamentos San Telmo\" \/>\n<meta property=\"og:description\" content=\"Ein Cookie ist eine Datei, die auf Ihren Computer heruntergeladen wird, wenn Sie auf bestimmte Webseiten zugreifen. Cookies erm\u00f6glichen es einer Webseite unter anderem, Informationen \u00fcber die Surfgewohnheiten eines Benutzers oder seines Ger\u00e4ts zu speichern und abzurufen, und je nach den darin enthaltenen Informationen und der Art und Weise, wie er sein Ger\u00e4t verwendet, k\u00f6nnen [&hellip;]\" \/>\n<meta property=\"og:url\" content=\"https:\/\/apartamentosamores.es\/politica-de-cookies\/\" \/>\n<meta property=\"og:site_name\" content=\"Apartamentos San Telmo\" \/>\n<meta property=\"article:modified_time\" content=\"2023-05-31T15:52:55+00:00\" \/>\n<meta name=\"twitter:card\" content=\"summary_large_image\" \/>\n<meta name=\"twitter:label1\" content=\"Gesch\u00e4tzte Lesezeit\" \/>\n\t<meta name=\"twitter:data1\" content=\"3\u00a0Minuten\" \/>\n<script type=\"application\/ld+json\" class=\"yoast-schema-graph\">{\"@context\":\"https:\/\/schema.org\",\"@graph\":[{\"@type\":\"WebPage\",\"@id\":\"https:\/\/apartamentosamores.es\/politica-de-cookies\/\",\"url\":\"https:\/\/apartamentosamores.es\/politica-de-cookies\/\",\"name\":\"COOKIE-RICHTLINIE - Apartamentos San Telmo\",\"isPartOf\":{\"@id\":\"https:\/\/apartamentosamores.es\/de\/#website\"},\"datePublished\":\"2023-05-31T15:29:24+00:00\",\"dateModified\":\"2023-05-31T15:52:55+00:00\",\"breadcrumb\":{\"@id\":\"https:\/\/apartamentosamores.es\/politica-de-cookies\/#breadcrumb\"},\"inLanguage\":\"de\",\"potentialAction\":[{\"@type\":\"ReadAction\",\"target\":[\"https:\/\/apartamentosamores.es\/politica-de-cookies\/\"]}]},{\"@type\":\"BreadcrumbList\",\"@id\":\"https:\/\/apartamentosamores.es\/politica-de-cookies\/#breadcrumb\",\"itemListElement\":[{\"@type\":\"ListItem\",\"position\":1,\"name\":\"Portada\",\"item\":\"https:\/\/apartamentosamores.es\/de\/\"},{\"@type\":\"ListItem\",\"position\":2,\"name\":\"COOKIE-RICHTLINIE\"}]},{\"@type\":\"WebSite\",\"@id\":\"https:\/\/apartamentosamores.es\/de\/#website\",\"url\":\"https:\/\/apartamentosamores.es\/de\/\",\"name\":\"Apartamentos Amores San Telmo\",\"description\":\"\",\"publisher\":{\"@id\":\"https:\/\/apartamentosamores.es\/de\/#organization\"},\"potentialAction\":[{\"@type\":\"SearchAction\",\"target\":{\"@type\":\"EntryPoint\",\"urlTemplate\":\"https:\/\/apartamentosamores.es\/de\/?s={search_term_string}\"},\"query-input\":\"required name=search_term_string\"}],\"inLanguage\":\"de\"},{\"@type\":\"Organization\",\"@id\":\"https:\/\/apartamentosamores.es\/de\/#organization\",\"name\":\"Apartamentos Amores San Telmo\",\"url\":\"https:\/\/apartamentosamores.es\/de\/\",\"logo\":{\"@type\":\"ImageObject\",\"inLanguage\":\"de\",\"@id\":\"https:\/\/apartamentosamores.es\/de\/#\/schema\/logo\/image\/\",\"url\":\"https:\/\/apartamentosamores.es\/wp-content\/uploads\/2023\/05\/logo-apartamentos-amores-azul.png\",\"contentUrl\":\"https:\/\/apartamentosamores.es\/wp-content\/uploads\/2023\/05\/logo-apartamentos-amores-azul.png\",\"width\":684,\"height\":254,\"caption\":\"Apartamentos Amores San Telmo\"},\"image\":{\"@id\":\"https:\/\/apartamentosamores.es\/de\/#\/schema\/logo\/image\/\"}}]}<\/script>\n<!-- \/ Yoast SEO plugin. -->","yoast_head_json":{"title":"COOKIE-RICHTLINIE - Apartamentos San Telmo","robots":{"index":"index","follow":"follow","max-snippet":"max-snippet:-1","max-image-preview":"max-image-preview:large","max-video-preview":"max-video-preview:-1"},"canonical":"https:\/\/apartamentosamores.es\/politica-de-cookies\/","og_locale":"de_DE","og_type":"article","og_title":"COOKIE-RICHTLINIE - Apartamentos San Telmo","og_description":"Ein Cookie ist eine Datei, die auf Ihren Computer heruntergeladen wird, wenn Sie auf bestimmte Webseiten zugreifen. Cookies erm\u00f6glichen es einer Webseite unter anderem, Informationen \u00fcber die Surfgewohnheiten eines Benutzers oder seines Ger\u00e4ts zu speichern und abzurufen, und je nach den darin enthaltenen Informationen und der Art und Weise, wie er sein Ger\u00e4t verwendet, k\u00f6nnen [&hellip;]","og_url":"https:\/\/apartamentosamores.es\/politica-de-cookies\/","og_site_name":"Apartamentos San Telmo","article_modified_time":"2023-05-31T15:52:55+00:00","twitter_card":"summary_large_image","twitter_misc":{"Gesch\u00e4tzte Lesezeit":"3\u00a0Minuten"},"schema":{"@context":"https:\/\/schema.org","@graph":[{"@type":"WebPage","@id":"https:\/\/apartamentosamores.es\/politica-de-cookies\/","url":"https:\/\/apartamentosamores.es\/politica-de-cookies\/","name":"COOKIE-RICHTLINIE - Apartamentos San Telmo","isPartOf":{"@id":"https:\/\/apartamentosamores.es\/de\/#website"},"datePublished":"2023-05-31T15:29:24+00:00","dateModified":"2023-05-31T15:52:55+00:00","breadcrumb":{"@id":"https:\/\/apartamentosamores.es\/politica-de-cookies\/#breadcrumb"},"inLanguage":"de","potentialAction":[{"@type":"ReadAction","target":["https:\/\/apartamentosamores.es\/politica-de-cookies\/"]}]},{"@type":"BreadcrumbList","@id":"https:\/\/apartamentosamores.es\/politica-de-cookies\/#breadcrumb","itemListElement":[{"@type":"ListItem","position":1,"name":"Portada","item":"https:\/\/apartamentosamores.es\/de\/"},{"@type":"ListItem","position":2,"name":"COOKIE-RICHTLINIE"}]},{"@type":"WebSite","@id":"https:\/\/apartamentosamores.es\/de\/#website","url":"https:\/\/apartamentosamores.es\/de\/","name":"Apartamentos Amores San Telmo","description":"","publisher":{"@id":"https:\/\/apartamentosamores.es\/de\/#organization"},"potentialAction":[{"@type":"SearchAction","target":{"@type":"EntryPoint","urlTemplate":"https:\/\/apartamentosamores.es\/de\/?s={search_term_string}"},"query-input":"required name=search_term_string"}],"inLanguage":"de"},{"@type":"Organization","@id":"https:\/\/apartamentosamores.es\/de\/#organization","name":"Apartamentos Amores San Telmo","url":"https:\/\/apartamentosamores.es\/de\/","logo":{"@type":"ImageObject","inLanguage":"de","@id":"https:\/\/apartamentosamores.es\/de\/#\/schema\/logo\/image\/","url":"https:\/\/apartamentosamores.es\/wp-content\/uploads\/2023\/05\/logo-apartamentos-amores-azul.png","contentUrl":"https:\/\/apartamentosamores.es\/wp-content\/uploads\/2023\/05\/logo-apartamentos-amores-azul.png","width":684,"height":254,"caption":"Apartamentos Amores San Telmo"},"image":{"@id":"https:\/\/apartamentosamores.es\/de\/#\/schema\/logo\/image\/"}}]}},"_links":{"self":[{"href":"https:\/\/apartamentosamores.es\/de\/wp-json\/wp\/v2\/pages\/885","targetHints":{"allow":["GET"]}}],"collection":[{"href":"https:\/\/apartamentosamores.es\/de\/wp-json\/wp\/v2\/pages"}],"about":[{"href":"https:\/\/apartamentosamores.es\/de\/wp-json\/wp\/v2\/types\/page"}],"author":[{"embeddable":true,"href":"https:\/\/apartamentosamores.es\/de\/wp-json\/wp\/v2\/users\/2"}],"replies":[{"embeddable":true,"href":"https:\/\/apartamentosamores.es\/de\/wp-json\/wp\/v2\/comments?post=885"}],"version-history":[{"count":1,"href":"https:\/\/apartamentosamores.es\/de\/wp-json\/wp\/v2\/pages\/885\/revisions"}],"predecessor-version":[{"id":888,"href":"https:\/\/apartamentosamores.es\/de\/wp-json\/wp\/v2\/pages\/885\/revisions\/888"}],"wp:attachment":[{"href":"https:\/\/apartamentosamores.es\/de\/wp-json\/wp\/v2\/media?parent=885"}],"curies":[{"name":"wp","href":"https:\/\/api.w.org\/{rel}","templated":true}]}}