{"id":877,"date":"2023-05-31T15:00:55","date_gmt":"2023-05-31T15:00:55","guid":{"rendered":"http:\/\/apartamentosamores.es\/aviso-legal\/"},"modified":"2023-05-31T15:22:39","modified_gmt":"2023-05-31T15:22:39","slug":"aviso-legal","status":"publish","type":"page","link":"https:\/\/apartamentosamores.es\/de\/aviso-legal\/","title":{"rendered":"Rechtlicher Hinweis"},"content":{"rendered":"\n<p>C\/NA POPIA, 1<br>07159 SAN TELMO (ANDRATX) MALLORCA SPANIEN<br><br>Telefon: 0034 971 239310<br><br><a href=\"mailto:info@apartamentosamores.com\">info@apartamentosamores.com<\/a><br><br>C.I.F.: B07325772<br>Eintragung ins Handelsregister:\u00a0<\/p>\n\n\n\n<h2 class=\"wp-block-heading\">1. Inhalt der Website<\/h2>\n\n\n\n<p>Der Autor \u00fcbernimmt keinerlei Gew\u00e4hr f\u00fcr die Aktualit\u00e4t, Korrektheit, Vollst\u00e4ndigkeit oder Qualit\u00e4t der bereitgestellten Informationen. Haftungsanspr\u00fcche gegen den Autor, welche sich auf Sch\u00e4den materieller oder ideeller Art beziehen, die durch die Nutzung oder Nichtnutzung der dargebotenen Informationen bzw. durch die Nutzung fehlerhafter und unvollst\u00e4ndiger Informationen verursacht wurden, sind grunds\u00e4tzlich ausgeschlossen, sofern seitens des Autors kein nachweislich vors\u00e4tzliches oder grob fahrl\u00e4ssiges Verschulden vorliegt.<\/p>\n\n\n\n<p>Alle Angebote sind freibleibend und unverbindlich. Der Autor beh\u00e4lt es sich ausdr\u00fccklich vor, Teile der Seiten oder das gesamte Angebot ohne gesonderte Ank\u00fcndigung zu ver\u00e4ndern, zu erg\u00e4nzen, zu l\u00f6schen oder die Ver\u00f6ffentlichung zeitweise oder endg\u00fcltig einzustellen.<\/p>\n\n\n\n<h2 class=\"wp-block-heading\">2. Verweise und Links<\/h2>\n\n\n\n<p>Bei direkten oder indirekten Verweisen auf fremde Internetseiten (&#8222;Hyperlinks&#8220;), die au\u00dferhalb des Verantwortungsbereiches des Autors liegen, w\u00fcrde eine Haftungsverpflichtung ausschlie\u00dflich in dem Fall in Kraft treten, in dem der Autor von den Inhalten Kenntnis hat und es ihm technisch m\u00f6glich und zumutbar w\u00e4re, die Nutzung im Falle rechtswidriger Inhalte zu verhindern.<\/p>\n\n\n\n<p>Der Autor erkl\u00e4rt hiermit ausdr\u00fccklich, dass zum Zeitpunkt der Linksetzung keine illegalen Inhalte auf den zu verlinkenden Seiten erkennbar waren. Der Autor hat keinerlei Einfluss auf die aktuelle und zuk\u00fcnftige Gestaltung, die Inhalte oder die Herkunft der verlinkten Seiten. Deshalb distanziert sie sich hiermit ausdr\u00fccklich von allen Inhalten aller gelinkten\/verkn\u00fcpften Seiten, die nach der Linksetzung ver\u00e4ndert wurden. Diese Feststellung gilt f\u00fcr alle innerhalb des eigenen Internetangebotes gesetzten Links und Verweise sowie f\u00fcr Fremdeintr\u00e4ge in vom Autor eingerichteten G\u00e4steb\u00fcchern, Diskussionsforen, Linkverzeichnissen und Mailinglisten sowie f\u00fcr alle anderen Formen von Datenbanken, auf die extern zugegriffen werden kann. F\u00fcr illegale, fehlerhafte oder unvollst\u00e4ndige Inhalte und insbesondere f\u00fcr Sch\u00e4den, die aus der Nutzung oder Nichtnutzung solcherart dargebotener Informationen entstehen, haftet allein der Anbieter der Seite, auf welche verwiesen wurde, nicht derjenige, der \u00fcber Links auf die jeweilige Ver\u00f6ffentlichung lediglich verweist.<\/p>\n\n\n\n<h2 class=\"wp-block-heading\">3. Urheberrecht, Warenzeichen und Warenzeichen<\/h2>\n\n\n\n<p>Der Autor verpflichtet sich, in allen Publikationen die Urheberrechte der verwendeten Bilder, Grafiken, Tondokumente, Videosequenzen und Texte zu beachten, von ihm selbst erstellte Bilder, Grafiken, Tondokumente, Videosequenzen und Texte zu nutzen oder auf lizenzfreie Grafiken, Tondokumente, Videosequenzen und Texte zur\u00fcckzugreifen.<\/p>\n\n\n\n<p>Alle innerhalb des Internetangebotes genannten und ggf. durch Dritte gesch\u00fctzten Marken- und Warenzeichen unterliegen uneingeschr\u00e4nkt den Bestimmungen des jeweils g\u00fcltigen Kennzeichenrechts und den Besitzrechten der jeweiligen eingetragenen Eigent\u00fcmer. Allein aufgrund der blo\u00dfen Nennung ist nicht der Schluss zu ziehen, dass Markenzeichen und Warenzeichen nicht durch Rechte Dritter gesch\u00fctzt sind!<\/p>\n\n\n\n<p>Das Copyright f\u00fcr ver\u00f6ffentlichte, vom Autor selbst erstellte Objekte bleibt allein beim Autor der Seite. Eine Vervielf\u00e4ltigung oder Verwendung solcher Grafiken, Tondokumente, Videosequenzen und Texte in anderen elektronischen oder gedruckten Publikationen ist nur nach vorheriger ausdr\u00fccklicher Zustimmung des Autors gestattet.<\/p>\n\n\n\n<h2 class=\"wp-block-heading\">4. Datenschutz<\/h2>\n\n\n\n<p>Die Nutzung unserer Website ist grunds\u00e4tzlich ohne Angabe personenbezogener Daten m\u00f6glich. Soweit wir auf unseren Seiten personenbezogene Daten (beispielsweise Name, Anschrift oder E-Mail-Adresse) erheben, erfolgt dies, soweit m\u00f6glich, stets auf freiwilliger Basis. Diese Daten werden ohne Ihre ausdr\u00fcckliche Zustimmung nicht an Dritte weitergegeben. Wir weisen darauf hin, dass die Daten\u00fcbertragung im Internet Sicherheitsl\u00fccken aufweisen kann (z.B. bei der Kommunikation per E-Mail). Ein l\u00fcckenloser Schutz der Daten vor dem Zugriff durch Dritte ist nicht m\u00f6glich.<\/p>\n\n\n\n<p>Der Nutzung von Kontaktdaten, die im Rahmen der Impressumspflicht ver\u00f6ffentlicht wurden, durch Dritte zur \u00dcbersendung von Werbung oder Informationen, die nicht ausdr\u00fccklich angefordert wurden, wird hiermit ausdr\u00fccklich widersprochen. Der Betreiber der Seite beh\u00e4lt sich ausdr\u00fccklich rechtliche Schritte im Falle der unverlangten Zusendung von Werbung, etwa durch Spam-Mails, vor.<\/p>\n\n\n\n<h2 class=\"wp-block-heading\">5. Rechtswirksamkeit dieses Haftungsausschlusses<\/h2>\n\n\n\n<p>Dieser Haftungsausschluss ist als Teil des Internetangebotes zu betrachten, von dem aus auf diese Website verwiesen wird. Sofern Teile oder einzelne Formulierungen dieses Textes der geltenden Rechtslage nicht, nicht mehr oder nicht vollst\u00e4ndig entsprechen sollten, bleiben die \u00fcbrigen Teile des Dokumentes in ihrem Inhalt und ihrer G\u00fcltigkeit davon unber\u00fchrt.<\/p>\n\n\n\n<p><strong>GIACONETTI, S.L.<\/strong><\/p>\n","protected":false},"excerpt":{"rendered":"<p>C\/NA POPIA, 107159 SAN TELMO (ANDRATX) MALLORCA SPANIEN Telefon: 0034 971 239310 info@apartamentosamores.com C.I.F.: B07325772Eintragung ins Handelsregister:\u00a0 1. Inhalt der Website Der Autor \u00fcbernimmt keinerlei Gew\u00e4hr f\u00fcr die Aktualit\u00e4t, Korrektheit, Vollst\u00e4ndigkeit oder Qualit\u00e4t der bereitgestellten Informationen. Haftungsanspr\u00fcche gegen den Autor, welche sich auf Sch\u00e4den materieller oder ideeller Art beziehen, die durch die Nutzung oder Nichtnutzung [&hellip;]<\/p>\n","protected":false},"author":2,"featured_media":0,"parent":0,"menu_order":0,"comment_status":"closed","ping_status":"closed","template":"","meta":{"_et_pb_use_builder":"off","_et_pb_old_content":"","_et_gb_content_width":"","footnotes":""},"class_list":["post-877","page","type-page","status-publish","hentry"],"yoast_head":"<!-- This site is optimized with the Yoast SEO plugin v20.12 - https:\/\/yoast.com\/wordpress\/plugins\/seo\/ -->\n<title>Rechtlicher Hinweis - Apartamentos San Telmo<\/title>\n<meta name=\"robots\" content=\"index, follow, max-snippet:-1, max-image-preview:large, max-video-preview:-1\" \/>\n<link rel=\"canonical\" href=\"https:\/\/apartamentosamores.es\/de\/aviso-legal\/\" \/>\n<meta property=\"og:locale\" content=\"de_DE\" \/>\n<meta property=\"og:type\" content=\"article\" \/>\n<meta property=\"og:title\" content=\"Rechtlicher Hinweis - Apartamentos San Telmo\" \/>\n<meta property=\"og:description\" content=\"C\/NA POPIA, 107159 SAN TELMO (ANDRATX) MALLORCA SPANIEN Telefon: 0034 971 239310 info@apartamentosamores.com C.I.F.: B07325772Eintragung ins Handelsregister:\u00a0 1. Inhalt der Website Der Autor \u00fcbernimmt keinerlei Gew\u00e4hr f\u00fcr die Aktualit\u00e4t, Korrektheit, Vollst\u00e4ndigkeit oder Qualit\u00e4t der bereitgestellten Informationen. Haftungsanspr\u00fcche gegen den Autor, welche sich auf Sch\u00e4den materieller oder ideeller Art beziehen, die durch die Nutzung oder Nichtnutzung [&hellip;]\" \/>\n<meta property=\"og:url\" content=\"https:\/\/apartamentosamores.es\/de\/aviso-legal\/\" \/>\n<meta property=\"og:site_name\" content=\"Apartamentos San Telmo\" \/>\n<meta property=\"article:modified_time\" content=\"2023-05-31T15:22:39+00:00\" \/>\n<meta name=\"twitter:card\" content=\"summary_large_image\" \/>\n<meta name=\"twitter:label1\" content=\"Gesch\u00e4tzte Lesezeit\" \/>\n\t<meta name=\"twitter:data1\" content=\"3\u00a0Minuten\" \/>\n<script type=\"application\/ld+json\" class=\"yoast-schema-graph\">{\"@context\":\"https:\/\/schema.org\",\"@graph\":[{\"@type\":\"WebPage\",\"@id\":\"https:\/\/apartamentosamores.es\/de\/aviso-legal\/\",\"url\":\"https:\/\/apartamentosamores.es\/de\/aviso-legal\/\",\"name\":\"Rechtlicher Hinweis - Apartamentos San Telmo\",\"isPartOf\":{\"@id\":\"https:\/\/apartamentosamores.es\/de\/#website\"},\"datePublished\":\"2023-05-31T15:00:55+00:00\",\"dateModified\":\"2023-05-31T15:22:39+00:00\",\"breadcrumb\":{\"@id\":\"https:\/\/apartamentosamores.es\/de\/aviso-legal\/#breadcrumb\"},\"inLanguage\":\"de\",\"potentialAction\":[{\"@type\":\"ReadAction\",\"target\":[\"https:\/\/apartamentosamores.es\/de\/aviso-legal\/\"]}]},{\"@type\":\"BreadcrumbList\",\"@id\":\"https:\/\/apartamentosamores.es\/de\/aviso-legal\/#breadcrumb\",\"itemListElement\":[{\"@type\":\"ListItem\",\"position\":1,\"name\":\"Portada\",\"item\":\"https:\/\/apartamentosamores.es\/de\/\"},{\"@type\":\"ListItem\",\"position\":2,\"name\":\"Rechtlicher Hinweis\"}]},{\"@type\":\"WebSite\",\"@id\":\"https:\/\/apartamentosamores.es\/de\/#website\",\"url\":\"https:\/\/apartamentosamores.es\/de\/\",\"name\":\"Apartamentos Amores San Telmo\",\"description\":\"\",\"publisher\":{\"@id\":\"https:\/\/apartamentosamores.es\/de\/#organization\"},\"potentialAction\":[{\"@type\":\"SearchAction\",\"target\":{\"@type\":\"EntryPoint\",\"urlTemplate\":\"https:\/\/apartamentosamores.es\/de\/?s={search_term_string}\"},\"query-input\":\"required name=search_term_string\"}],\"inLanguage\":\"de\"},{\"@type\":\"Organization\",\"@id\":\"https:\/\/apartamentosamores.es\/de\/#organization\",\"name\":\"Apartamentos Amores San Telmo\",\"url\":\"https:\/\/apartamentosamores.es\/de\/\",\"logo\":{\"@type\":\"ImageObject\",\"inLanguage\":\"de\",\"@id\":\"https:\/\/apartamentosamores.es\/de\/#\/schema\/logo\/image\/\",\"url\":\"https:\/\/apartamentosamores.es\/wp-content\/uploads\/2023\/05\/logo-apartamentos-amores-azul.png\",\"contentUrl\":\"https:\/\/apartamentosamores.es\/wp-content\/uploads\/2023\/05\/logo-apartamentos-amores-azul.png\",\"width\":684,\"height\":254,\"caption\":\"Apartamentos Amores San Telmo\"},\"image\":{\"@id\":\"https:\/\/apartamentosamores.es\/de\/#\/schema\/logo\/image\/\"}}]}<\/script>\n<!-- \/ Yoast SEO plugin. -->","yoast_head_json":{"title":"Rechtlicher Hinweis - Apartamentos San Telmo","robots":{"index":"index","follow":"follow","max-snippet":"max-snippet:-1","max-image-preview":"max-image-preview:large","max-video-preview":"max-video-preview:-1"},"canonical":"https:\/\/apartamentosamores.es\/de\/aviso-legal\/","og_locale":"de_DE","og_type":"article","og_title":"Rechtlicher Hinweis - Apartamentos San Telmo","og_description":"C\/NA POPIA, 107159 SAN TELMO (ANDRATX) MALLORCA SPANIEN Telefon: 0034 971 239310 info@apartamentosamores.com C.I.F.: B07325772Eintragung ins Handelsregister:\u00a0 1. Inhalt der Website Der Autor \u00fcbernimmt keinerlei Gew\u00e4hr f\u00fcr die Aktualit\u00e4t, Korrektheit, Vollst\u00e4ndigkeit oder Qualit\u00e4t der bereitgestellten Informationen. Haftungsanspr\u00fcche gegen den Autor, welche sich auf Sch\u00e4den materieller oder ideeller Art beziehen, die durch die Nutzung oder Nichtnutzung [&hellip;]","og_url":"https:\/\/apartamentosamores.es\/de\/aviso-legal\/","og_site_name":"Apartamentos San Telmo","article_modified_time":"2023-05-31T15:22:39+00:00","twitter_card":"summary_large_image","twitter_misc":{"Gesch\u00e4tzte Lesezeit":"3\u00a0Minuten"},"schema":{"@context":"https:\/\/schema.org","@graph":[{"@type":"WebPage","@id":"https:\/\/apartamentosamores.es\/de\/aviso-legal\/","url":"https:\/\/apartamentosamores.es\/de\/aviso-legal\/","name":"Rechtlicher Hinweis - Apartamentos San Telmo","isPartOf":{"@id":"https:\/\/apartamentosamores.es\/de\/#website"},"datePublished":"2023-05-31T15:00:55+00:00","dateModified":"2023-05-31T15:22:39+00:00","breadcrumb":{"@id":"https:\/\/apartamentosamores.es\/de\/aviso-legal\/#breadcrumb"},"inLanguage":"de","potentialAction":[{"@type":"ReadAction","target":["https:\/\/apartamentosamores.es\/de\/aviso-legal\/"]}]},{"@type":"BreadcrumbList","@id":"https:\/\/apartamentosamores.es\/de\/aviso-legal\/#breadcrumb","itemListElement":[{"@type":"ListItem","position":1,"name":"Portada","item":"https:\/\/apartamentosamores.es\/de\/"},{"@type":"ListItem","position":2,"name":"Rechtlicher Hinweis"}]},{"@type":"WebSite","@id":"https:\/\/apartamentosamores.es\/de\/#website","url":"https:\/\/apartamentosamores.es\/de\/","name":"Apartamentos Amores San Telmo","description":"","publisher":{"@id":"https:\/\/apartamentosamores.es\/de\/#organization"},"potentialAction":[{"@type":"SearchAction","target":{"@type":"EntryPoint","urlTemplate":"https:\/\/apartamentosamores.es\/de\/?s={search_term_string}"},"query-input":"required name=search_term_string"}],"inLanguage":"de"},{"@type":"Organization","@id":"https:\/\/apartamentosamores.es\/de\/#organization","name":"Apartamentos Amores San Telmo","url":"https:\/\/apartamentosamores.es\/de\/","logo":{"@type":"ImageObject","inLanguage":"de","@id":"https:\/\/apartamentosamores.es\/de\/#\/schema\/logo\/image\/","url":"https:\/\/apartamentosamores.es\/wp-content\/uploads\/2023\/05\/logo-apartamentos-amores-azul.png","contentUrl":"https:\/\/apartamentosamores.es\/wp-content\/uploads\/2023\/05\/logo-apartamentos-amores-azul.png","width":684,"height":254,"caption":"Apartamentos Amores San Telmo"},"image":{"@id":"https:\/\/apartamentosamores.es\/de\/#\/schema\/logo\/image\/"}}]}},"_links":{"self":[{"href":"https:\/\/apartamentosamores.es\/de\/wp-json\/wp\/v2\/pages\/877","targetHints":{"allow":["GET"]}}],"collection":[{"href":"https:\/\/apartamentosamores.es\/de\/wp-json\/wp\/v2\/pages"}],"about":[{"href":"https:\/\/apartamentosamores.es\/de\/wp-json\/wp\/v2\/types\/page"}],"author":[{"embeddable":true,"href":"https:\/\/apartamentosamores.es\/de\/wp-json\/wp\/v2\/users\/2"}],"replies":[{"embeddable":true,"href":"https:\/\/apartamentosamores.es\/de\/wp-json\/wp\/v2\/comments?post=877"}],"version-history":[{"count":1,"href":"https:\/\/apartamentosamores.es\/de\/wp-json\/wp\/v2\/pages\/877\/revisions"}],"predecessor-version":[{"id":879,"href":"https:\/\/apartamentosamores.es\/de\/wp-json\/wp\/v2\/pages\/877\/revisions\/879"}],"wp:attachment":[{"href":"https:\/\/apartamentosamores.es\/de\/wp-json\/wp\/v2\/media?parent=877"}],"curies":[{"name":"wp","href":"https:\/\/api.w.org\/{rel}","templated":true}]}}