{"id":822,"date":"2023-01-03T10:36:23","date_gmt":"2023-01-03T10:36:23","guid":{"rendered":"http:\/\/apartamentosamores.es\/apartamentos\/"},"modified":"2023-06-27T09:57:41","modified_gmt":"2023-06-27T09:57:41","slug":"apartamentos","status":"publish","type":"page","link":"https:\/\/apartamentosamores.es\/de\/apartamentos\/","title":{"rendered":"WOHNUNGEN"},"content":{"rendered":"<p>[et_pb_section fb_built=&#8220;1&#8243; _builder_version=&#8220;4.21.0&#8243; _module_preset=&#8220;default&#8220; use_background_color_gradient=&#8220;on&#8220; background_color_gradient_stops=&#8220;rgba(0,0,0,0.1) 61%|rgba(0,0,0,0.6) 100%&#8220; background_image=&#8220;http:\/\/apartamentosamores.es\/wp-content\/uploads\/2023\/05\/page-title-ok.jpg&#8220; background_blend=&#8220;darken&#8220; min_height=&#8220;50vh&#8220; global_colors_info=&#8220;{}&#8220;][et_pb_row _builder_version=&#8220;4.19.4&#8243; _module_preset=&#8220;default&#8220; positioning=&#8220;absolute&#8220; position_origin_a=&#8220;center_center&#8220; global_colors_info=&#8220;{}&#8220;][et_pb_column type=&#8220;4_4&#8243; _builder_version=&#8220;4.19.4&#8243; _module_preset=&#8220;default&#8220; global_colors_info=&#8220;{}&#8220;][et_pb_text module_class=&#8220;title-home&#8220; _builder_version=&#8220;4.21.0&#8243; _module_preset=&#8220;default&#8220; header_font=&#8220;|||on|||||&#8220; header_text_align=&#8220;center&#8220; header_text_color=&#8220;#FFFFFF&#8220; header_font_size=&#8220;50px&#8220; header_4_text_align=&#8220;center&#8220; header_4_text_color=&#8220;#FFFFFF&#8220; header_4_font_size=&#8220;25px&#8220; custom_padding=&#8220;||3px|||&#8220; header_text_shadow_style=&#8220;preset3&#8243; header_4_text_shadow_style=&#8220;preset3&#8243; global_colors_info=&#8220;{}&#8220;]<\/p>\n<h1 _msttexthash=\"98787\" _msthash=\"231\" style=\"text-align: center;\">WOHNUNGEN<\/h1>\n<h4 _msttexthash=\"2982317\" _msthash=\"232\">Genie\u00dfen Sie San Telmo und entdecken Sie die Wunder der Insel Dragonera.<\/h4>\n<p>[\/et_pb_text][et_pb_divider color=&#8220;#FFFFFF&#8220; divider_weight=&#8220;2px&#8220; _builder_version=&#8220;4.19.4&#8243; _module_preset=&#8220;default&#8220; width=&#8220;80%&#8220; module_alignment=&#8220;center&#8220; min_height=&#8220;20.8px&#8220; custom_margin=&#8220;0px||||false|false&#8220; custom_padding=&#8220;0px||||false|false&#8220; global_colors_info=&#8220;{}&#8220;][\/et_pb_divider][\/et_pb_column][\/et_pb_row][\/et_pb_section][et_pb_section fb_built=&#8220;1&#8243; admin_label=&#8220;Header&#8220; _builder_version=&#8220;4.19.4&#8243; _module_preset=&#8220;default&#8220; background_color=&#8220;#FFFFFF&#8220; custom_padding=&#8220;||0px||false|false&#8220; collapsed=&#8220;on&#8220; global_colors_info=&#8220;{}&#8220;][et_pb_row column_structure=&#8220;3_5,2_5&#8243; _builder_version=&#8220;4.17.6&#8243; _module_preset=&#8220;default&#8220; custom_margin=&#8220;||30px||false|false&#8220; global_colors_info=&#8220;{}&#8220;][et_pb_column type=&#8220;3_5&#8243; _builder_version=&#8220;4.17.6&#8243; _module_preset=&#8220;default&#8220; global_colors_info=&#8220;{}&#8220;][et_pb_image src=&#8220;http:\/\/apartamentosamores.es\/wp-content\/uploads\/2023\/05\/new-apartamento-a.jpg&#8220; title_text=&#8220;new-apartamento-a&#8220; _builder_version=&#8220;4.21.0&#8243; _module_preset=&#8220;default&#8220; custom_margin=&#8220;|-11vw|||false|false&#8220; custom_margin_tablet=&#8220;|0vw|||false|false&#8220; custom_margin_phone=&#8220;|0vw|||false|false&#8220; custom_margin_last_edited=&#8220;on|tablet&#8220; global_colors_info=&#8220;{}&#8220;][\/et_pb_image][et_pb_text _builder_version=&#8220;4.21.0&#8243; _module_preset=&#8220;b327cbe4-b1d5-4b66-ad37-40c8f2f061ba&#8220; header_2_font=&#8220;Manrope|700|||||||&#8220; header_2_text_color=&#8220;#000000&#8243; header_2_font_size=&#8220;48px&#8220; header_2_line_height=&#8220;1.2em&#8220; header_2_font_size_tablet=&#8220;32px&#8220; header_2_font_size_phone=&#8220;20px&#8220; header_2_font_size_last_edited=&#8220;on|desktop&#8220; global_colors_info=&#8220;{}&#8220;]<\/p>\n<h2 _msttexthash=\"310856\" _msthash=\"233\">Ferienwohnungen A<\/h2>\n<p>[\/et_pb_text][et_pb_text _builder_version=&#8220;4.21.0&#8243; _module_preset=&#8220;default&#8220; global_colors_info=&#8220;{}&#8220;]<\/p>\n<p><span>Apartments mit 1 Schlafzimmer und 1 Wohnzimmer, ausgestattet mit K\u00fcche und Bad und Terrasse mit Meerblick.<\/span><\/p>\n<p>[\/et_pb_text][et_pb_text _builder_version=&#8220;4.21.0&#8243; _module_preset=&#8220;1f09816e-184e-4ce5-a4cf-b39c52c423ca&#8220; text_font=&#8220;Open Sans||||||||&#8220; text_text_color=&#8220;#666666&#8243; text_font_size=&#8220;16px&#8220; text_line_height=&#8220;1.8em&#8220; link_text_color=&#8220;#666666&#8243; custom_margin=&#8220;||0px||false|false&#8220; hover_enabled=&#8220;0&#8243; text_font_size_tablet=&#8220;15px&#8220; text_font_size_phone=&#8220;14px&#8220; text_font_size_last_edited=&#8220;on|phone&#8220; header_font_size_tablet=&#8220;55px&#8220; header_font_size_last_edited=&#8220;off|desktop&#8220; global_colors_info=&#8220;{}&#8220; sticky_enabled=&#8220;0&#8243;]<\/p>\n<ul>\n<li _msttexthash=\"268138\" _msthash=\"235\">Satelliten-TV-TV im Wohnzimmer.<\/li>\n<\/ul>\n<p>[\/et_pb_text][et_pb_text _builder_version=&#8220;4.21.0&#8243; _module_preset=&#8220;1f09816e-184e-4ce5-a4cf-b39c52c423ca&#8220; text_font=&#8220;Open Sans||||||||&#8220; text_text_color=&#8220;#666666&#8243; text_font_size=&#8220;16px&#8220; text_line_height=&#8220;1.8em&#8220; link_text_color=&#8220;#666666&#8243; custom_margin=&#8220;||0px||false|false&#8220; hover_enabled=&#8220;0&#8243; text_font_size_tablet=&#8220;15px&#8220; text_font_size_phone=&#8220;14px&#8220; text_font_size_last_edited=&#8220;on|phone&#8220; header_font_size_tablet=&#8220;55px&#8220; header_font_size_last_edited=&#8220;off|desktop&#8220; global_colors_info=&#8220;{}&#8220; sticky_enabled=&#8220;0&#8243;]<\/p>\n<ul>\n<li _msttexthash=\"192491\" _msthash=\"236\">Internet WIFI im Gemeinschaftsbereich.<\/li>\n<\/ul>\n<p>[\/et_pb_text][et_pb_text _builder_version=&#8220;4.21.0&#8243; _module_preset=&#8220;1f09816e-184e-4ce5-a4cf-b39c52c423ca&#8220; text_font=&#8220;Open Sans||||||||&#8220; text_text_color=&#8220;#666666&#8243; text_font_size=&#8220;16px&#8220; text_line_height=&#8220;1.8em&#8220; link_text_color=&#8220;#666666&#8243; custom_margin=&#8220;||0px||false|false&#8220; text_font_size_tablet=&#8220;15px&#8220; text_font_size_phone=&#8220;14px&#8220; text_font_size_last_edited=&#8220;on|phone&#8220; header_font_size_tablet=&#8220;55px&#8220; header_font_size_last_edited=&#8220;off|desktop&#8220; global_colors_info=&#8220;{}&#8220;]<\/p>\n<ul>\n<li _msttexthash=\"1376830\" _msthash=\"237\">Waschmaschine, Bettw\u00e4sche und Handt\u00fccher.<\/li>\n<\/ul>\n<p>[\/et_pb_text][\/et_pb_column][et_pb_column type=&#8220;2_5&#8243; _builder_version=&#8220;4.17.6&#8243; _module_preset=&#8220;default&#8220; custom_padding=&#8220;10%||||false|false&#8220; global_colors_info=&#8220;{}&#8220;][et_pb_image src=&#8220;http:\/\/apartamentosamores.es\/wp-content\/uploads\/2023\/01\/apartamentos-a-2.jpg&#8220; title_text=&#8220;apartamentos-a-2&#8243; _builder_version=&#8220;4.19.4&#8243; _module_preset=&#8220;default&#8220; global_colors_info=&#8220;{}&#8220;][\/et_pb_image][et_pb_button button_url=&#8220;\/de\/apartamentos-tipo-a\/&#8220; button_text=&#8220;WEITERE INFORMATIONEN&#8220; _builder_version=&#8220;4.21.0&#8243; _module_preset=&#8220;31b4f027-aaa0-4f2f-ae02-959764e19e4f&#8220; custom_button=&#8220;on&#8220; button_text_size=&#8220;14px&#8220; button_text_color=&#8220;#FFFFFF&#8220; button_bg_color=&#8220;#008186&#8243; button_border_width=&#8220;0px&#8220; button_border_radius=&#8220;0px&#8220; button_font=&#8220;Inter|700||on|||||&#8220; custom_padding=&#8220;16px|24px|16px|24px|true|true&#8220; global_colors_info=&#8220;{}&#8220;][\/et_pb_button][\/et_pb_column][\/et_pb_row][\/et_pb_section][et_pb_section fb_built=&#8220;1&#8243; admin_label=&#8220;Header&#8220; _builder_version=&#8220;4.21.0&#8243; _module_preset=&#8220;default&#8220; background_color=&#8220;#fcf9f3&#8243; custom_padding=&#8220;||0px||false|false&#8220; collapsed=&#8220;on&#8220; global_colors_info=&#8220;{}&#8220;][et_pb_row column_structure=&#8220;3_5,2_5&#8243; _builder_version=&#8220;4.19.4&#8243; _module_preset=&#8220;default&#8220; custom_margin=&#8220;||0px||false|false&#8220; global_colors_info=&#8220;{}&#8220;][et_pb_column type=&#8220;3_5&#8243; _builder_version=&#8220;4.17.6&#8243; _module_preset=&#8220;default&#8220; global_colors_info=&#8220;{}&#8220;][et_pb_image src=&#8220;http:\/\/apartamentosamores.es\/wp-content\/uploads\/2023\/05\/new-apartamento-b.jpg&#8220; title_text=&#8220;new-apartamento-b&#8220; _builder_version=&#8220;4.21.0&#8243; _module_preset=&#8220;default&#8220; custom_margin=&#8220;|-11vw|||false|false&#8220; custom_margin_tablet=&#8220;|0vw|||false|false&#8220; custom_margin_phone=&#8220;|0vw|||false|false&#8220; custom_margin_last_edited=&#8220;on|tablet&#8220; global_colors_info=&#8220;{}&#8220;][\/et_pb_image][et_pb_text _builder_version=&#8220;4.21.0&#8243; _module_preset=&#8220;b327cbe4-b1d5-4b66-ad37-40c8f2f061ba&#8220; header_2_font=&#8220;Manrope|700|||||||&#8220; header_2_text_color=&#8220;#000000&#8243; header_2_font_size=&#8220;48px&#8220; header_2_line_height=&#8220;1.2em&#8220; header_2_font_size_tablet=&#8220;32px&#8220; header_2_font_size_phone=&#8220;20px&#8220; header_2_font_size_last_edited=&#8220;on|desktop&#8220; global_colors_info=&#8220;{}&#8220;]<\/p>\n<h2 _msttexthash=\"311142\" _msthash=\"239\">Ferienwohnungen B<\/h2>\n<p>[\/et_pb_text][et_pb_text _builder_version=&#8220;4.21.0&#8243; _module_preset=&#8220;default&#8220; global_colors_info=&#8220;{}&#8220;]<\/p>\n<p><span>Apartments mit 2 Doppelzimmern mit 1 Wohnzimmer, ausgestattet mit K\u00fcche, Bad und WC sowie Terrasse mit Meerblick.<\/span><\/p>\n<p>[\/et_pb_text][et_pb_text _builder_version=&#8220;4.21.0&#8243; _module_preset=&#8220;1f09816e-184e-4ce5-a4cf-b39c52c423ca&#8220; text_font=&#8220;Open Sans||||||||&#8220; text_text_color=&#8220;#666666&#8243; text_font_size=&#8220;16px&#8220; text_line_height=&#8220;1.8em&#8220; link_text_color=&#8220;#666666&#8243; custom_margin=&#8220;||0px||false|false&#8220; hover_enabled=&#8220;0&#8243; text_font_size_tablet=&#8220;15px&#8220; text_font_size_phone=&#8220;14px&#8220; text_font_size_last_edited=&#8220;on|phone&#8220; header_font_size_tablet=&#8220;55px&#8220; header_font_size_last_edited=&#8220;off|desktop&#8220; global_colors_info=&#8220;{}&#8220; sticky_enabled=&#8220;0&#8243;]<\/p>\n<ul>\n<li _msttexthash=\"268138\" _msthash=\"241\">Satelliten-TV-TV im Wohnzimmer.<\/li>\n<\/ul>\n<p>[\/et_pb_text][et_pb_text _builder_version=&#8220;4.21.0&#8243; _module_preset=&#8220;1f09816e-184e-4ce5-a4cf-b39c52c423ca&#8220; text_font=&#8220;Open Sans||||||||&#8220; text_text_color=&#8220;#666666&#8243; text_font_size=&#8220;16px&#8220; text_line_height=&#8220;1.8em&#8220; link_text_color=&#8220;#666666&#8243; custom_margin=&#8220;||0px||false|false&#8220; hover_enabled=&#8220;0&#8243; text_font_size_tablet=&#8220;15px&#8220; text_font_size_phone=&#8220;14px&#8220; text_font_size_last_edited=&#8220;on|phone&#8220; header_font_size_tablet=&#8220;55px&#8220; header_font_size_last_edited=&#8220;off|desktop&#8220; global_colors_info=&#8220;{}&#8220; sticky_enabled=&#8220;0&#8243;]<\/p>\n<ul>\n<li>Internet WIFI im Gemeinschaftsbereich.<\/li>\n<\/ul>\n<p>[\/et_pb_text][et_pb_text _builder_version=&#8220;4.21.0&#8243; _module_preset=&#8220;1f09816e-184e-4ce5-a4cf-b39c52c423ca&#8220; text_font=&#8220;Open Sans||||||||&#8220; text_text_color=&#8220;#666666&#8243; text_font_size=&#8220;16px&#8220; text_line_height=&#8220;1.8em&#8220; link_text_color=&#8220;#666666&#8243; custom_margin=&#8220;||0px||false|false&#8220; text_font_size_tablet=&#8220;15px&#8220; text_font_size_phone=&#8220;14px&#8220; text_font_size_last_edited=&#8220;on|phone&#8220; header_font_size_tablet=&#8220;55px&#8220; header_font_size_last_edited=&#8220;off|desktop&#8220; global_colors_info=&#8220;{}&#8220;]<\/p>\n<ul>\n<li _msttexthash=\"1376830\" _msthash=\"243\">Waschmaschine, Bettw\u00e4sche und Handt\u00fccher.<\/li>\n<\/ul>\n<p>[\/et_pb_text][\/et_pb_column][et_pb_column type=&#8220;2_5&#8243; _builder_version=&#8220;4.17.6&#8243; _module_preset=&#8220;default&#8220; custom_padding=&#8220;10%||||false|false&#8220; global_colors_info=&#8220;{}&#8220;][et_pb_image src=&#8220;http:\/\/apartamentosamores.es\/wp-content\/uploads\/2023\/05\/new-apartamento-terraza.jpg&#8220; title_text=&#8220;new-apartamento-terraza&#8220; _builder_version=&#8220;4.21.0&#8243; _module_preset=&#8220;default&#8220; global_colors_info=&#8220;{}&#8220;][\/et_pb_image][et_pb_button button_url=&#8220;\/de\/apartamentos-tipo-b\/&#8220; button_text=&#8220;WEITERE INFORMATIONEN&#8220; _builder_version=&#8220;4.21.0&#8243; _module_preset=&#8220;31b4f027-aaa0-4f2f-ae02-959764e19e4f&#8220; custom_button=&#8220;on&#8220; button_text_size=&#8220;14px&#8220; button_text_color=&#8220;#FFFFFF&#8220; button_bg_color=&#8220;#8d965f&#8220; button_border_width=&#8220;0px&#8220; button_border_radius=&#8220;0px&#8220; button_font=&#8220;Inter|700||on|||||&#8220; custom_padding=&#8220;16px|24px|16px|24px|true|true&#8220; global_colors_info=&#8220;{}&#8220;][\/et_pb_button][\/et_pb_column][\/et_pb_row][\/et_pb_section][et_pb_section fb_built=&#8220;1&#8243; admin_label=&#8220;Call to Action&#8220; _builder_version=&#8220;4.21.0&#8243; _module_preset=&#8220;default&#8220; background_color=&#8220;#008186&#8243; locked=&#8220;off&#8220; collapsed=&#8220;on&#8220; global_colors_info=&#8220;{}&#8220;][et_pb_row _builder_version=&#8220;4.17.6&#8243; _module_preset=&#8220;default&#8220; max_width=&#8220;860px&#8220; global_colors_info=&#8220;{}&#8220;][et_pb_column type=&#8220;4_4&#8243; _builder_version=&#8220;4.17.6&#8243; _module_preset=&#8220;default&#8220; global_colors_info=&#8220;{}&#8220;][et_pb_text _builder_version=&#8220;4.21.0&#8243; _module_preset=&#8220;e6504a1b-67eb-4b3d-b023-bcab277610b6&#8243; header_4_font=&#8220;Manrope|700||on|||||&#8220; header_4_text_color=&#8220;#FFFFFF&#8220; header_4_font_size=&#8220;14px&#8220; header_4_letter_spacing=&#8220;1px&#8220; header_4_line_height=&#8220;1.4em&#8220; text_orientation=&#8220;center&#8220; custom_margin=&#8220;||0px||false|false&#8220; global_colors_info=&#8220;{}&#8220;]<\/p>\n<h4 _msttexthash=\"820196\" _msthash=\"245\">FERIENWOHNUNGEN AMORES SAN TELMO<\/h4>\n<p>[\/et_pb_text][et_pb_text _builder_version=&#8220;4.21.0&#8243; _module_preset=&#8220;b327cbe4-b1d5-4b66-ad37-40c8f2f061ba&#8220; header_2_font=&#8220;Manrope|700|||||||&#8220; header_2_text_color=&#8220;#FFFFFF&#8220; header_2_font_size=&#8220;48px&#8220; header_2_line_height=&#8220;1.2em&#8220; text_orientation=&#8220;center&#8220; header_2_font_size_tablet=&#8220;32px&#8220; header_2_font_size_phone=&#8220;20px&#8220; header_2_font_size_last_edited=&#8220;on|desktop&#8220; global_colors_info=&#8220;{}&#8220;]<\/p>\n<h2 _msttexthash=\"3038516\" _msthash=\"246\">Buchen Sie noch heute online und genie\u00dfen Sie Ihren Urlaub auf Mallorca.<\/h2>\n<p>[\/et_pb_text][et_pb_button button_url=&#8220;\/de\/reservar\/&#8220; button_text=&#8220;RESERVIEREN&#8220; button_alignment=&#8220;center&#8220; _builder_version=&#8220;4.21.0&#8243; _module_preset=&#8220;f489fdc3-bf1e-40c7-852b-c42851d4acb9&#8243; custom_button=&#8220;on&#8220; button_text_size=&#8220;14px&#8220; button_text_color=&#8220;#000000&#8243; button_bg_color=&#8220;#FFFFFF&#8220; button_border_width=&#8220;0px&#8220; button_border_radius=&#8220;0px&#8220; button_font=&#8220;Inter|700||on|||||&#8220; custom_padding=&#8220;16px|24px|16px|24px|true|true&#8220; global_colors_info=&#8220;{}&#8220;][\/et_pb_button][\/et_pb_column][\/et_pb_row][\/et_pb_section]<\/p>\n","protected":false},"excerpt":{"rendered":"<p>WOHNUNGEN Genie\u00dfen Sie San Telmo und entdecken Sie die Wunder der Insel Dragonera.Ferienwohnungen AApartments mit 1 Schlafzimmer und 1 Wohnzimmer, ausgestattet mit K\u00fcche und Bad und Terrasse mit Meerblick. Satelliten-TV-TV im Wohnzimmer. Internet WIFI im Gemeinschaftsbereich. Waschmaschine, Bettw\u00e4sche und Handt\u00fccher. Ferienwohnungen BApartments mit 2 Doppelzimmern mit 1 Wohnzimmer, ausgestattet mit K\u00fcche, Bad und WC sowie [&hellip;]<\/p>\n","protected":false},"author":1,"featured_media":0,"parent":0,"menu_order":0,"comment_status":"closed","ping_status":"closed","template":"","meta":{"_et_pb_use_builder":"on","_et_pb_old_content":"","_et_gb_content_width":"","footnotes":""},"class_list":["post-822","page","type-page","status-publish","hentry"],"yoast_head":"<!-- This site is optimized with the Yoast SEO plugin v20.12 - https:\/\/yoast.com\/wordpress\/plugins\/seo\/ -->\n<title>WOHNUNGEN - Apartamentos San Telmo<\/title>\n<meta name=\"robots\" content=\"index, follow, max-snippet:-1, max-image-preview:large, max-video-preview:-1\" \/>\n<link rel=\"canonical\" href=\"https:\/\/apartamentosamores.es\/de\/apartamentos\/\" \/>\n<meta property=\"og:locale\" content=\"de_DE\" \/>\n<meta property=\"og:type\" content=\"article\" \/>\n<meta property=\"og:title\" content=\"WOHNUNGEN - Apartamentos San Telmo\" \/>\n<meta property=\"og:description\" content=\"WOHNUNGEN Genie\u00dfen Sie San Telmo und entdecken Sie die Wunder der Insel Dragonera.Ferienwohnungen AApartments mit 1 Schlafzimmer und 1 Wohnzimmer, ausgestattet mit K\u00fcche und Bad und Terrasse mit Meerblick. Satelliten-TV-TV im Wohnzimmer. Internet WIFI im Gemeinschaftsbereich. Waschmaschine, Bettw\u00e4sche und Handt\u00fccher. Ferienwohnungen BApartments mit 2 Doppelzimmern mit 1 Wohnzimmer, ausgestattet mit K\u00fcche, Bad und WC sowie [&hellip;]\" \/>\n<meta property=\"og:url\" content=\"https:\/\/apartamentosamores.es\/de\/apartamentos\/\" \/>\n<meta property=\"og:site_name\" content=\"Apartamentos San Telmo\" \/>\n<meta property=\"article:modified_time\" content=\"2023-06-27T09:57:41+00:00\" \/>\n<meta name=\"twitter:card\" content=\"summary_large_image\" \/>\n<meta name=\"twitter:label1\" content=\"Gesch\u00e4tzte Lesezeit\" \/>\n\t<meta name=\"twitter:data1\" content=\"8\u00a0Minuten\" \/>\n<script type=\"application\/ld+json\" class=\"yoast-schema-graph\">{\"@context\":\"https:\/\/schema.org\",\"@graph\":[{\"@type\":\"WebPage\",\"@id\":\"https:\/\/apartamentosamores.es\/de\/apartamentos\/\",\"url\":\"https:\/\/apartamentosamores.es\/de\/apartamentos\/\",\"name\":\"WOHNUNGEN - Apartamentos San Telmo\",\"isPartOf\":{\"@id\":\"https:\/\/apartamentosamores.es\/de\/#website\"},\"datePublished\":\"2023-01-03T10:36:23+00:00\",\"dateModified\":\"2023-06-27T09:57:41+00:00\",\"breadcrumb\":{\"@id\":\"https:\/\/apartamentosamores.es\/de\/apartamentos\/#breadcrumb\"},\"inLanguage\":\"de\",\"potentialAction\":[{\"@type\":\"ReadAction\",\"target\":[\"https:\/\/apartamentosamores.es\/de\/apartamentos\/\"]}]},{\"@type\":\"BreadcrumbList\",\"@id\":\"https:\/\/apartamentosamores.es\/de\/apartamentos\/#breadcrumb\",\"itemListElement\":[{\"@type\":\"ListItem\",\"position\":1,\"name\":\"Portada\",\"item\":\"https:\/\/apartamentosamores.es\/de\/\"},{\"@type\":\"ListItem\",\"position\":2,\"name\":\"WOHNUNGEN\"}]},{\"@type\":\"WebSite\",\"@id\":\"https:\/\/apartamentosamores.es\/de\/#website\",\"url\":\"https:\/\/apartamentosamores.es\/de\/\",\"name\":\"Apartamentos Amores San Telmo\",\"description\":\"\",\"publisher\":{\"@id\":\"https:\/\/apartamentosamores.es\/de\/#organization\"},\"potentialAction\":[{\"@type\":\"SearchAction\",\"target\":{\"@type\":\"EntryPoint\",\"urlTemplate\":\"https:\/\/apartamentosamores.es\/de\/?s={search_term_string}\"},\"query-input\":\"required name=search_term_string\"}],\"inLanguage\":\"de\"},{\"@type\":\"Organization\",\"@id\":\"https:\/\/apartamentosamores.es\/de\/#organization\",\"name\":\"Apartamentos Amores San Telmo\",\"url\":\"https:\/\/apartamentosamores.es\/de\/\",\"logo\":{\"@type\":\"ImageObject\",\"inLanguage\":\"de\",\"@id\":\"https:\/\/apartamentosamores.es\/de\/#\/schema\/logo\/image\/\",\"url\":\"https:\/\/apartamentosamores.es\/wp-content\/uploads\/2023\/05\/logo-apartamentos-amores-azul.png\",\"contentUrl\":\"https:\/\/apartamentosamores.es\/wp-content\/uploads\/2023\/05\/logo-apartamentos-amores-azul.png\",\"width\":684,\"height\":254,\"caption\":\"Apartamentos Amores San Telmo\"},\"image\":{\"@id\":\"https:\/\/apartamentosamores.es\/de\/#\/schema\/logo\/image\/\"}}]}<\/script>\n<!-- \/ Yoast SEO plugin. -->","yoast_head_json":{"title":"WOHNUNGEN - Apartamentos San Telmo","robots":{"index":"index","follow":"follow","max-snippet":"max-snippet:-1","max-image-preview":"max-image-preview:large","max-video-preview":"max-video-preview:-1"},"canonical":"https:\/\/apartamentosamores.es\/de\/apartamentos\/","og_locale":"de_DE","og_type":"article","og_title":"WOHNUNGEN - Apartamentos San Telmo","og_description":"WOHNUNGEN Genie\u00dfen Sie San Telmo und entdecken Sie die Wunder der Insel Dragonera.Ferienwohnungen AApartments mit 1 Schlafzimmer und 1 Wohnzimmer, ausgestattet mit K\u00fcche und Bad und Terrasse mit Meerblick. Satelliten-TV-TV im Wohnzimmer. Internet WIFI im Gemeinschaftsbereich. Waschmaschine, Bettw\u00e4sche und Handt\u00fccher. Ferienwohnungen BApartments mit 2 Doppelzimmern mit 1 Wohnzimmer, ausgestattet mit K\u00fcche, Bad und WC sowie [&hellip;]","og_url":"https:\/\/apartamentosamores.es\/de\/apartamentos\/","og_site_name":"Apartamentos San Telmo","article_modified_time":"2023-06-27T09:57:41+00:00","twitter_card":"summary_large_image","twitter_misc":{"Gesch\u00e4tzte Lesezeit":"8\u00a0Minuten"},"schema":{"@context":"https:\/\/schema.org","@graph":[{"@type":"WebPage","@id":"https:\/\/apartamentosamores.es\/de\/apartamentos\/","url":"https:\/\/apartamentosamores.es\/de\/apartamentos\/","name":"WOHNUNGEN - Apartamentos San Telmo","isPartOf":{"@id":"https:\/\/apartamentosamores.es\/de\/#website"},"datePublished":"2023-01-03T10:36:23+00:00","dateModified":"2023-06-27T09:57:41+00:00","breadcrumb":{"@id":"https:\/\/apartamentosamores.es\/de\/apartamentos\/#breadcrumb"},"inLanguage":"de","potentialAction":[{"@type":"ReadAction","target":["https:\/\/apartamentosamores.es\/de\/apartamentos\/"]}]},{"@type":"BreadcrumbList","@id":"https:\/\/apartamentosamores.es\/de\/apartamentos\/#breadcrumb","itemListElement":[{"@type":"ListItem","position":1,"name":"Portada","item":"https:\/\/apartamentosamores.es\/de\/"},{"@type":"ListItem","position":2,"name":"WOHNUNGEN"}]},{"@type":"WebSite","@id":"https:\/\/apartamentosamores.es\/de\/#website","url":"https:\/\/apartamentosamores.es\/de\/","name":"Apartamentos Amores San Telmo","description":"","publisher":{"@id":"https:\/\/apartamentosamores.es\/de\/#organization"},"potentialAction":[{"@type":"SearchAction","target":{"@type":"EntryPoint","urlTemplate":"https:\/\/apartamentosamores.es\/de\/?s={search_term_string}"},"query-input":"required name=search_term_string"}],"inLanguage":"de"},{"@type":"Organization","@id":"https:\/\/apartamentosamores.es\/de\/#organization","name":"Apartamentos Amores San Telmo","url":"https:\/\/apartamentosamores.es\/de\/","logo":{"@type":"ImageObject","inLanguage":"de","@id":"https:\/\/apartamentosamores.es\/de\/#\/schema\/logo\/image\/","url":"https:\/\/apartamentosamores.es\/wp-content\/uploads\/2023\/05\/logo-apartamentos-amores-azul.png","contentUrl":"https:\/\/apartamentosamores.es\/wp-content\/uploads\/2023\/05\/logo-apartamentos-amores-azul.png","width":684,"height":254,"caption":"Apartamentos Amores San Telmo"},"image":{"@id":"https:\/\/apartamentosamores.es\/de\/#\/schema\/logo\/image\/"}}]}},"_links":{"self":[{"href":"https:\/\/apartamentosamores.es\/de\/wp-json\/wp\/v2\/pages\/822","targetHints":{"allow":["GET"]}}],"collection":[{"href":"https:\/\/apartamentosamores.es\/de\/wp-json\/wp\/v2\/pages"}],"about":[{"href":"https:\/\/apartamentosamores.es\/de\/wp-json\/wp\/v2\/types\/page"}],"author":[{"embeddable":true,"href":"https:\/\/apartamentosamores.es\/de\/wp-json\/wp\/v2\/users\/1"}],"replies":[{"embeddable":true,"href":"https:\/\/apartamentosamores.es\/de\/wp-json\/wp\/v2\/comments?post=822"}],"version-history":[{"count":16,"href":"https:\/\/apartamentosamores.es\/de\/wp-json\/wp\/v2\/pages\/822\/revisions"}],"predecessor-version":[{"id":1032,"href":"https:\/\/apartamentosamores.es\/de\/wp-json\/wp\/v2\/pages\/822\/revisions\/1032"}],"wp:attachment":[{"href":"https:\/\/apartamentosamores.es\/de\/wp-json\/wp\/v2\/media?parent=822"}],"curies":[{"name":"wp","href":"https:\/\/api.w.org\/{rel}","templated":true}]}}